{"id":136,"date":"2025-03-06T14:24:57","date_gmt":"2025-03-06T14:24:57","guid":{"rendered":"https:\/\/chiara.guendisch.org\/index.php\/produkt\/retro-glass-jug-330-ml\/"},"modified":"2025-03-20T13:21:18","modified_gmt":"2025-03-20T13:21:18","slug":"deo","status":"publish","type":"product","link":"https:\/\/chiara.guendisch.org\/index.php\/produkt\/deo\/","title":{"rendered":"Deo"},"content":{"rendered":"<h4>LANGANHALTEND<br \/>\n48H-Schutz gegen Achselschweiss<\/h4>\n<p>Deo Spray Salt ist ein parf\u00fcmfreies, wirksames Deodorant, frei von Aluminium und Alkohol.<\/p>\n<p><span>Deo Spray Salt enth\u00e4lt Meersalz, das bakterient\u00f6tende Eigenschaften hat. Das Produkt ist sowohl f\u00fcr Frauen als auch f\u00fcr M\u00e4nner geeignet und hinterl\u00e4sst keine Flecken auf der Kleidung.<\/span><\/p>\n<p><span>Das Produkt ist nat\u00fcrlich selbstkonservierend.<\/span><\/p>\n<table class=\"table table-striped table-sm table-hover\">\n<tbody>\n<tr>\n<td><span>Hautzustand<\/span><\/td>\n<td><span>Empfindlich, Troken, Normal<\/span><\/td>\n<\/tr>\n<tr>\n<td><span>Formel<\/span><\/td>\n<td><span>Fl\u00fcssig, Spray<\/span><\/td>\n<\/tr>\n<tr>\n<td><span>Eigenschaften<\/span><\/td>\n<td><span>Ohne \u00e4therische \u00d6le, Vegan, Bakterient\u00f6tend<\/span><\/td>\n<\/tr>\n<\/tbody>\n<\/table>\n<h5>Anwendung:<\/h5>\n<p>Sch\u00fctteln Sie die Flasche und spr\u00fchen Sie dann Deo Spray Salt direkt auf die frisch gewaschene, trockene Haut.<br \/>\n<span>Damit die Wirkstoffe optimal wirken k\u00f6nnen, ist es wichtig, die Haut richtig zu reinigen.<\/span><\/p>\n<p><span style=\"color: #577d8c; font-family: var(--h1-font-family); font-size: calc(16px + 0.8vw); font-style: var(--h1-font-style); font-weight: var(--h1-font-weight); letter-spacing: 0em; text-transform: var(--h1-text-transform);\">Inhaltsstoffe<\/span><\/p>\n<div id=\"nav_tabs_content_ingredient\" class=\"accordion-collapse collapse show\" role=\"tabpanel\" aria-labelledby=\"nav_tabs_link_ingredient\">\n<div id=\"prd-tab-content_ingredient\" class=\"accordion-body\">\n<div class=\"oe_structure nav_tabs_content_ingredient\">\n<p><span>Aqua Purificata\/Water, Sodium Bicarbonate, Glycerin (Vegetable), Maris Sal, Sodium Levulinate, Sodium Anisate.<\/span><\/p>\n<\/div>\n<\/div>\n<\/div>\n","protected":false},"excerpt":{"rendered":"<p>LANGANHALTEND 48H-Schutz gegen Achselschweiss Deo Spray Salt ist ein parf\u00fcmfreies, wirksames Deodorant, frei von Aluminium und Alkohol. Deo Spray Salt enth\u00e4lt Meersalz, das bakterient\u00f6tende Eigenschaften hat. Das Produkt ist sowohl f\u00fcr Frauen als auch f\u00fcr M\u00e4nner geeignet und hinterl\u00e4sst keine Flecken auf der Kleidung. Das Produkt ist nat\u00fcrlich selbstkonservierend. Hautzustand Empfindlich, Troken, Normal Formel Fl\u00fcssig,&#8230;<\/p>\n","protected":false},"featured_media":239,"comment_status":"open","ping_status":"closed","template":"","meta":[],"product_brand":[],"product_cat":[21],"product_tag":[],"class_list":{"0":"post-136","1":"product","2":"type-product","3":"status-publish","4":"has-post-thumbnail","6":"product_cat-body","8":"first","9":"instock","10":"shipping-taxable","11":"purchasable","12":"product-type-simple"},"jetpack_sharing_enabled":true,"_links":{"self":[{"href":"https:\/\/chiara.guendisch.org\/index.php\/wp-json\/wp\/v2\/product\/136","targetHints":{"allow":["GET"]}}],"collection":[{"href":"https:\/\/chiara.guendisch.org\/index.php\/wp-json\/wp\/v2\/product"}],"about":[{"href":"https:\/\/chiara.guendisch.org\/index.php\/wp-json\/wp\/v2\/types\/product"}],"replies":[{"embeddable":true,"href":"https:\/\/chiara.guendisch.org\/index.php\/wp-json\/wp\/v2\/comments?post=136"}],"wp:featuredmedia":[{"embeddable":true,"href":"https:\/\/chiara.guendisch.org\/index.php\/wp-json\/wp\/v2\/media\/239"}],"wp:attachment":[{"href":"https:\/\/chiara.guendisch.org\/index.php\/wp-json\/wp\/v2\/media?parent=136"}],"wp:term":[{"taxonomy":"product_brand","embeddable":true,"href":"https:\/\/chiara.guendisch.org\/index.php\/wp-json\/wp\/v2\/product_brand?post=136"},{"taxonomy":"product_cat","embeddable":true,"href":"https:\/\/chiara.guendisch.org\/index.php\/wp-json\/wp\/v2\/product_cat?post=136"},{"taxonomy":"product_tag","embeddable":true,"href":"https:\/\/chiara.guendisch.org\/index.php\/wp-json\/wp\/v2\/product_tag?post=136"}],"curies":[{"name":"wp","href":"https:\/\/api.w.org\/{rel}","templated":true}]}}