{"id":138,"date":"2025-03-06T14:25:00","date_gmt":"2025-03-06T14:25:00","guid":{"rendered":"https:\/\/chiara.guendisch.org\/index.php\/produkt\/hi-fi-headphones\/"},"modified":"2025-03-20T13:21:09","modified_gmt":"2025-03-20T13:21:09","slug":"augenbrauenoel","status":"publish","type":"product","link":"https:\/\/chiara.guendisch.org\/index.php\/produkt\/augenbrauenoel\/","title":{"rendered":"Augenbrauen\u00f6l"},"content":{"rendered":"<h4>PFLEGENDES AUGENBRAUEN\u00d6L<\/h4>\n<p>Pflegendes \u00d6l, das die Augenbrauen voller und kr\u00e4ftiger macht.<br \/>\n<span>Die Kombination aus pflanzlichen \u00d6len und \u00e4therischen \u00d6len aus Rosmarin und Yang Ylang pflegt die Augenbrauen in der Nacht und formt sie tags\u00fcber. Das Produkt enth\u00e4lt au\u00dferdem Extrakte aus Ingwer und Chili, die zu einer guten Durchblutung beitragen.<\/span><br \/>\n<span><br \/>\nDie Flasche ist mit einem hygienischen Tropfeinsatz ausgestattet.<\/span><\/p>\n<p><span>Das Produkt ist nat\u00fcrlich selbstkonservierend.<br \/>\n<\/span><\/p>\n<table class=\"table table-striped table-sm table-hover\">\n<tbody>\n<tr>\n<td><span>Hautzustand<\/span><\/td>\n<td><span>Fettig, Troken, Rijpere huid, Gemischt, Normal<\/span><\/td>\n<\/tr>\n<tr>\n<td><span>Formel<\/span><\/td>\n<td><span>\u00d6l<\/span><\/td>\n<\/tr>\n<tr>\n<td><span>Egenschaften<\/span><\/td>\n<td><span>St\u00e4rkand, Vegan, Formgebend, Aufhellend<\/span><\/td>\n<\/tr>\n<\/tbody>\n<\/table>\n<h5>Anwendung:<\/h5>\n<p>Tragen Sie Specials For Eyebrows morgens und abends sparsam mit unserem Eyeliner-Pinsel auf. Achten Sie darauf, dass das \u00d6l nicht zu den Augen hinunterl\u00e4uft.<\/p>\n<div><\/div>\n<p><span>HINWEIS! Verwenden Sie Specials For Eyebrows nicht im Sonnenlicht.<\/span><\/p>\n<h5>Inhaltsstoffe<\/h5>\n<div id=\"nav_tabs_content_ingredient\" class=\"accordion-collapse collapse show\" role=\"tabpanel\" aria-labelledby=\"nav_tabs_link_ingredient\">\n<div id=\"prd-tab-content_ingredient\" class=\"accordion-body\">\n<div class=\"oe_structure nav_tabs_content_ingredient\">\n<p><span>Helianthus Annuus (Sunflower) Seed Oil, Simmondsia Chinensis (Jojoba) Seed Oil, Butyrospermum Parkii (Shea) Butter, Olea Europaea (Olive) Fruit Oil, Brassica Napus (Rape) Seed Oil, Zingiber Officinalis (Ginger) Root Oil, Citrus Paradisi (Grapefruit) Peel Oil, Cananga Odorata (Ylang Ylang) Flower Oil, Capsicum Frutescens Fruit Extract, Rosmarinus Officinalis (Rosemary) Leaf Oil, Rosmarinus Officinalis (Rosemary) Leaf Extract, Limonene*, Citral*, Linalool*, Geraniol*, Farnesol*, Benzyl Benzoate*, Benzyl Salicylate*. *Components naturally present in essential oils.<\/span><\/p>\n<\/div>\n<\/div>\n<\/div>\n","protected":false},"excerpt":{"rendered":"<p>PFLEGENDES AUGENBRAUEN\u00d6L Pflegendes \u00d6l, das die Augenbrauen voller und kr\u00e4ftiger macht. Die Kombination aus pflanzlichen \u00d6len und \u00e4therischen \u00d6len aus Rosmarin und Yang Ylang pflegt die Augenbrauen in der Nacht und formt sie tags\u00fcber. Das Produkt enth\u00e4lt au\u00dferdem Extrakte aus Ingwer und Chili, die zu einer guten Durchblutung beitragen. Die Flasche ist mit einem hygienischen&#8230;<\/p>\n","protected":false},"featured_media":238,"comment_status":"open","ping_status":"closed","template":"","meta":[],"product_brand":[],"product_cat":[22],"product_tag":[],"class_list":{"0":"post-138","1":"product","2":"type-product","3":"status-publish","4":"has-post-thumbnail","6":"product_cat-gesicht","8":"first","9":"instock","10":"shipping-taxable","11":"purchasable","12":"product-type-simple"},"jetpack_sharing_enabled":true,"_links":{"self":[{"href":"https:\/\/chiara.guendisch.org\/index.php\/wp-json\/wp\/v2\/product\/138","targetHints":{"allow":["GET"]}}],"collection":[{"href":"https:\/\/chiara.guendisch.org\/index.php\/wp-json\/wp\/v2\/product"}],"about":[{"href":"https:\/\/chiara.guendisch.org\/index.php\/wp-json\/wp\/v2\/types\/product"}],"replies":[{"embeddable":true,"href":"https:\/\/chiara.guendisch.org\/index.php\/wp-json\/wp\/v2\/comments?post=138"}],"wp:featuredmedia":[{"embeddable":true,"href":"https:\/\/chiara.guendisch.org\/index.php\/wp-json\/wp\/v2\/media\/238"}],"wp:attachment":[{"href":"https:\/\/chiara.guendisch.org\/index.php\/wp-json\/wp\/v2\/media?parent=138"}],"wp:term":[{"taxonomy":"product_brand","embeddable":true,"href":"https:\/\/chiara.guendisch.org\/index.php\/wp-json\/wp\/v2\/product_brand?post=138"},{"taxonomy":"product_cat","embeddable":true,"href":"https:\/\/chiara.guendisch.org\/index.php\/wp-json\/wp\/v2\/product_cat?post=138"},{"taxonomy":"product_tag","embeddable":true,"href":"https:\/\/chiara.guendisch.org\/index.php\/wp-json\/wp\/v2\/product_tag?post=138"}],"curies":[{"name":"wp","href":"https:\/\/api.w.org\/{rel}","templated":true}]}}