{"id":141,"date":"2025-03-06T14:25:02","date_gmt":"2025-03-06T14:25:02","guid":{"rendered":"https:\/\/chiara.guendisch.org\/index.php\/produkt\/3-speed-bike\/"},"modified":"2025-03-20T11:31:51","modified_gmt":"2025-03-20T11:31:51","slug":"reiseset-shampoo-duschgel","status":"publish","type":"product","link":"https:\/\/chiara.guendisch.org\/index.php\/produkt\/reiseset-shampoo-duschgel\/","title":{"rendered":"Reiseset Shampoo &#038; Duschgel"},"content":{"rendered":"<h4>ERFRISCHENDES Shampoo<br \/>\npH-neutral mit Rosmarinextrakt<\/h4>\n<p>Shampoo reduziert die Fettproduktion auf der Kopfhaut.<\/p>\n<p><span>Die milden, reinigenden Inhaltsstoffe aus Mais und Kokosnuss trocknen das Haar und die Kopfhaut nicht aus. Stattdessen erh\u00e4lt das Haar seinen nat\u00fcrlichen Glanz, seine Geschmeidigkeit und sein Volumen zur\u00fcck. Das Guarmehl aus der Guarpflanze macht es leicht k\u00e4mmbar.<\/span><\/p>\n<p><span>Das Produkt ist nat\u00fcrlich selbstkonservierend.<\/span><\/p>\n<p>&nbsp;<\/p>\n<table class=\"table table-striped table-sm table-hover\">\n<tbody>\n<tr>\n<td><span>Haartyp:<\/span><\/td>\n<td><span>Gelockt, Gef\u00e4rbt\/gebleicht, Dicht, Fettig, Schlaffes<\/span><\/td>\n<\/tr>\n<tr>\n<td><span>Formel:<\/span><\/td>\n<td><span>Sch\u00e4umend<\/span><\/td>\n<\/tr>\n<tr>\n<td><span>Egenschaften:<\/span><\/td>\n<td><span>Vegan, ausgleichend, Reinigend<\/span><\/td>\n<\/tr>\n<\/tbody>\n<\/table>\n<h5>Anwendung:<\/h5>\n<p>Befeuchten Sie Ihr Haar und Ihre Kopfhaut. Nehmen Sie eine sehr kleine Menge von Shampoo Sage, das entspricht einem halben Teel\u00f6ffel oder etwa 2,5 ml. Verteilen Sie es in Ihren H\u00e4nden, f\u00fcgen Sie etwas Wasser hinzu und massieren Sie es gr\u00fcndlich in Ihr Haar und Ihre Kopfhaut ein. Dann gut aussp\u00fclen.<\/p>\n<p><span>Sch\u00e4umt es schlecht?<\/span><br \/>\n<span>Geben Sie nicht mehr Shampoo hinzu! Sp\u00fclen Sie es stattdessen aus und wiederholen Sie den Vorgang der Haarw\u00e4sche. Lassen Sie das Shampoo ein paar Minuten einwirken und sp\u00fclen Sie es dann gut aus. Es ist immer ratsam, das Haar zweimal hintereinander zu waschen; das erste Shampoo l\u00f6st Unreinheiten und das zweite w\u00e4scht es sauber.<\/span><\/p>\n<p><span>Wird Ihr Haar platt?<\/span><br \/>\n<span>Entweder wurde das Shampoo nicht lange genug einwirken gelassen oder es wurde nicht richtig ausgesp\u00fclt. Es ist sehr wichtig, das Haar gut auszusp\u00fclen.<\/span><\/p>\n<h5>Inhaltsstoffe<\/h5>\n<div id=\"nav_tabs_content_ingredient\" class=\"accordion-collapse collapse show\" role=\"tabpanel\" aria-labelledby=\"nav_tabs_link_ingredient\">\n<div id=\"prd-tab-content_ingredient\" class=\"accordion-body\">\n<div class=\"oe_structure nav_tabs_content_ingredient\">\n<p><span>Aqua Purificata\/Water, Sodium Methyl Cocoyl Taurate, Cocamidopropyl Betaine, Sodium Chloride, Glycerin (Vegetable), Coco-Betaine, Lauroyl\/Myristoyl Methyl Glucamide, Decyl Glucoside, Salvia Lavandulifolia Herb\/Leaf Oil, Xylitylglucoside, Guar Hydroxypropyltrimonium Chloride, Lactic Acid, Sodium Anisate, Sodium Levulinate, Anhydroxylitol, Xylitol, Limonene*, Linalool*. *Components naturally present in essential oils.<br \/>\n<\/span><\/p>\n<h4>ERFRISCHENDES Duschgel<\/h4>\n<p>Das erfrischende Duschgel f\u00fcr M\u00e4nner belebt Haut und Sinne mit jeder Dusche. Die pflegende Formel reinigt sanft und hinterl\u00e4sst ein angenehm frisches Gef\u00fchl \u2013 f\u00fcr einen energiegeladenen Start in den Tag.<\/p>\n<p>Nehmen Sie einen kleinen Klecks Duschgel, tragen Sie ihn auf Ihre Handfl\u00e4chen auf und sch\u00e4umen Sie ihn mit warmem Wasser auf.<br \/>\nDanach gut absp\u00fclen.<\/p>\n<p>Inhaltsstoffe:<br \/>\nAqua (Wasser), Aloe Barbadensis Leaf Juice, Sodium<br \/>\nCoco-Sulfate, Cocos Nucifera Oil, Rosmarinus<br \/>\nOfficinalis Leaf Oil, Glycerin, Olea Europaea Fruit<br \/>\nOil, Panthenol, Tocopherol (Vitamin E), Citric Acid,<br \/>\nLimonene*, Linalool*, Citrus Aurantium Dulcis (Orangen\u00f6l),<br \/>\nLavandula angustifolia (Lavendel\u00f6l), Sodium<br \/>\nChloride, Benzyl Alcohol*,<br \/>\nEthylhexylglycerin.<\/p>\n<p>*Aus nat\u00fcrlichen \u00e4therischen \u00d6len.<\/p>\n<\/div>\n<\/div>\n<\/div>\n","protected":false},"excerpt":{"rendered":"<p>ERFRISCHENDES Shampoo pH-neutral mit Rosmarinextrakt Shampoo reduziert die Fettproduktion auf der Kopfhaut. Die milden, reinigenden Inhaltsstoffe aus Mais und Kokosnuss trocknen das Haar und die Kopfhaut nicht aus. Stattdessen erh\u00e4lt das Haar seinen nat\u00fcrlichen Glanz, seine Geschmeidigkeit und sein Volumen zur\u00fcck. Das Guarmehl aus der Guarpflanze macht es leicht k\u00e4mmbar. Das Produkt ist nat\u00fcrlich selbstkonservierend&#8230;.<\/p>\n","protected":false},"featured_media":247,"comment_status":"open","ping_status":"closed","template":"","meta":[],"product_brand":[],"product_cat":[21,22,23,24],"product_tag":[],"class_list":{"0":"post-141","1":"product","2":"type-product","3":"status-publish","4":"has-post-thumbnail","6":"product_cat-body","7":"product_cat-gesicht","8":"product_cat-hair","9":"product_cat-reiseprodukte","11":"first","12":"instock","13":"shipping-taxable","14":"purchasable","15":"product-type-simple"},"jetpack_sharing_enabled":true,"_links":{"self":[{"href":"https:\/\/chiara.guendisch.org\/index.php\/wp-json\/wp\/v2\/product\/141","targetHints":{"allow":["GET"]}}],"collection":[{"href":"https:\/\/chiara.guendisch.org\/index.php\/wp-json\/wp\/v2\/product"}],"about":[{"href":"https:\/\/chiara.guendisch.org\/index.php\/wp-json\/wp\/v2\/types\/product"}],"replies":[{"embeddable":true,"href":"https:\/\/chiara.guendisch.org\/index.php\/wp-json\/wp\/v2\/comments?post=141"}],"wp:featuredmedia":[{"embeddable":true,"href":"https:\/\/chiara.guendisch.org\/index.php\/wp-json\/wp\/v2\/media\/247"}],"wp:attachment":[{"href":"https:\/\/chiara.guendisch.org\/index.php\/wp-json\/wp\/v2\/media?parent=141"}],"wp:term":[{"taxonomy":"product_brand","embeddable":true,"href":"https:\/\/chiara.guendisch.org\/index.php\/wp-json\/wp\/v2\/product_brand?post=141"},{"taxonomy":"product_cat","embeddable":true,"href":"https:\/\/chiara.guendisch.org\/index.php\/wp-json\/wp\/v2\/product_cat?post=141"},{"taxonomy":"product_tag","embeddable":true,"href":"https:\/\/chiara.guendisch.org\/index.php\/wp-json\/wp\/v2\/product_tag?post=141"}],"curies":[{"name":"wp","href":"https:\/\/api.w.org\/{rel}","templated":true}]}}