{"id":143,"date":"2025-03-06T14:25:02","date_gmt":"2025-03-06T14:25:02","guid":{"rendered":"https:\/\/chiara.guendisch.org\/index.php\/produkt\/black-and-white\/"},"modified":"2025-03-20T13:20:54","modified_gmt":"2025-03-20T13:20:54","slug":"bartoel","status":"publish","type":"product","link":"https:\/\/chiara.guendisch.org\/index.php\/produkt\/bartoel\/","title":{"rendered":"Bart\u00f6l"},"content":{"rendered":"<h4>PFLEGENDES BART\u00d6L<\/h4>\n<p>Bart\u00f6l, mit J<span>ojoba<\/span>, ist ein Bart\u00f6l, das den Bart pflegt und gesund erh\u00e4lt, w\u00e4hrend es die Haut n\u00e4hrt und einen frischen Duft nach Lorbeer verleiht<br \/>\n<span>Dies ist unser erstes Produkt mit kaltgepresstem Brokkoli\u00f6l, das einen sch\u00f6nen Glanz verleiht, ohne sich fettig anzuf\u00fchlen.<br \/>\n<\/span><span>Beard &amp; Facial Oil verhindert eingewachsene Haare und macht trockene, kratzige Barthaare weich und gl\u00e4nzend. Perfekt f\u00fcr die Verwendung als Stylingprodukt!<\/span><\/p>\n<p><span>Das Produkt ist nat\u00fcrlich selbstkonservierend.<\/span><\/p>\n<p>&nbsp;<\/p>\n<table class=\"table table-striped table-sm table-hover\">\n<tbody>\n<tr>\n<td><span>Hautzustand<\/span><\/td>\n<td><span>Fettig, Empfindlich, Troken, Rijpere huid, Gemischt, Normal, Empfindlich und Reif<\/span><\/td>\n<\/tr>\n<tr>\n<td><span>Formel<\/span><\/td>\n<td><span>\u00d6l<\/span><\/td>\n<\/tr>\n<tr>\n<td><span>Egenschaften<\/span><\/td>\n<td><span>Vegan, Weichmachend, Aufhellend, Bakterient\u00f6tend<\/span><\/td>\n<\/tr>\n<\/tbody>\n<\/table>\n<h5>Anwendung:<\/h5>\n<p><span>Tragen Sie Bart- und Gesichts\u00f6l t\u00e4glich oder nach Bedarf auf einen frisch gewaschenen und handtuchtrockenen Bart auf. Nehmen Sie ein paar Tropfen des \u00d6ls in die H\u00e4nde und massieren Sie es gr\u00fcndlich in Ihren Bart ein, bis hinunter zum Ansatz. Zum Schluss k\u00e4mmen oder b\u00fcrsten Sie den Bart durch, damit sich das \u00d6l gleichm\u00e4\u00dfig verteilt.<\/span><\/p>\n<h5>Inhaltsstoffe<\/h5>\n<div id=\"nav_tabs_content_ingredient\" class=\"accordion-collapse collapse show\" role=\"tabpanel\" aria-labelledby=\"nav_tabs_link_ingredient\">\n<div id=\"prd-tab-content_ingredient\" class=\"accordion-body\">\n<div class=\"oe_structure nav_tabs_content_ingredient\">\n<p><span>Simmondsia Chinensis (Jojoba) Seed Oil, Helianthus Annuus (Sunflower) Seed Oil, Caprylic\/Capric Triglyceride, Melia Azadirachta (Neem) Leaf Extract, Brassica Oleracea Italica (Broccoli) Seed Oil, Borago Officinalis Seed Oil, Rosa Canina (Dog Rose) Fruit Oil, Laurus Nobilis (Bay) Leaf Oil, Tocopheryl Acetate, Rosmarinus Officinalis (Rosemary) Leaf Extract, Linalool*, Limonen*, Eugenol*. *Components naturally present in essential oils.<\/span><\/p>\n<\/div>\n<\/div>\n<\/div>\n","protected":false},"excerpt":{"rendered":"<p>PFLEGENDES BART\u00d6L Bart\u00f6l, mit Jojoba, ist ein Bart\u00f6l, das den Bart pflegt und gesund erh\u00e4lt, w\u00e4hrend es die Haut n\u00e4hrt und einen frischen Duft nach Lorbeer verleiht Dies ist unser erstes Produkt mit kaltgepresstem Brokkoli\u00f6l, das einen sch\u00f6nen Glanz verleiht, ohne sich fettig anzuf\u00fchlen. Beard &amp; Facial Oil verhindert eingewachsene Haare und macht trockene, kratzige&#8230;<\/p>\n","protected":false},"featured_media":249,"comment_status":"open","ping_status":"closed","template":"","meta":[],"product_brand":[],"product_cat":[22],"product_tag":[],"class_list":{"0":"post-143","1":"product","2":"type-product","3":"status-publish","4":"has-post-thumbnail","6":"product_cat-gesicht","8":"first","9":"instock","10":"shipping-taxable","11":"purchasable","12":"product-type-simple"},"jetpack_sharing_enabled":true,"_links":{"self":[{"href":"https:\/\/chiara.guendisch.org\/index.php\/wp-json\/wp\/v2\/product\/143","targetHints":{"allow":["GET"]}}],"collection":[{"href":"https:\/\/chiara.guendisch.org\/index.php\/wp-json\/wp\/v2\/product"}],"about":[{"href":"https:\/\/chiara.guendisch.org\/index.php\/wp-json\/wp\/v2\/types\/product"}],"replies":[{"embeddable":true,"href":"https:\/\/chiara.guendisch.org\/index.php\/wp-json\/wp\/v2\/comments?post=143"}],"wp:featuredmedia":[{"embeddable":true,"href":"https:\/\/chiara.guendisch.org\/index.php\/wp-json\/wp\/v2\/media\/249"}],"wp:attachment":[{"href":"https:\/\/chiara.guendisch.org\/index.php\/wp-json\/wp\/v2\/media?parent=143"}],"wp:term":[{"taxonomy":"product_brand","embeddable":true,"href":"https:\/\/chiara.guendisch.org\/index.php\/wp-json\/wp\/v2\/product_brand?post=143"},{"taxonomy":"product_cat","embeddable":true,"href":"https:\/\/chiara.guendisch.org\/index.php\/wp-json\/wp\/v2\/product_cat?post=143"},{"taxonomy":"product_tag","embeddable":true,"href":"https:\/\/chiara.guendisch.org\/index.php\/wp-json\/wp\/v2\/product_tag?post=143"}],"curies":[{"name":"wp","href":"https:\/\/api.w.org\/{rel}","templated":true}]}}