{"id":146,"date":"2025-03-06T14:25:03","date_gmt":"2025-03-06T14:25:03","guid":{"rendered":"https:\/\/chiara.guendisch.org\/index.php\/produkt\/leather-clad-leisure-chair\/"},"modified":"2025-03-20T13:21:35","modified_gmt":"2025-03-20T13:21:35","slug":"duschgel","status":"publish","type":"product","link":"https:\/\/chiara.guendisch.org\/index.php\/produkt\/duschgel\/","title":{"rendered":"Duschgel"},"content":{"rendered":"<h4>ERFRISCHEND<\/h4>\n<p>Das erfrischende Duschgel ist ein mildes, pflegendes frisches Duschgel. Das Produkt enth\u00e4lt \u00e4therische \u00d6le aus Grapefruit und Lorbeerblatt mit einer erfrischenden Wirkung.<\/p>\n<p><span>Hair &amp; Body Shampoo kann t\u00e4glich zum Waschen von Haar und K\u00f6rper verwendet werden. Es eignet sich auch als Gesichtsreiniger f\u00fcr normale Haut und als Rasierschaum. Die milden, reinigenden Inhaltsstoffe werden aus Kokosnuss und Mais gewonnen und erhalten den nat\u00fcrlichen S\u00e4ureschutzmantel der Haut. Dadurch trocknet sie Haut und Haare nicht aus, wie dies bei herk\u00f6mmlicher Seife der Fall ist.<\/span><\/p>\n<p><span>Das Produkt ist von Natur aus selbstkonservierend.<br \/>\n<\/span><\/p>\n<table class=\"table table-striped table-sm table-hover\">\n<tbody>\n<tr>\n<td><span>Hautzustand<\/span><\/td>\n<td><span>Empfindlich, Troken, Normal<\/span><\/td>\n<\/tr>\n<tr>\n<td><span>Haartyp<\/span><\/td>\n<td><span>Trocken, Leblos, Gelockt, Flauschig, Gef\u00e4rbt\/gebleicht, Dicht, Besch\u00e4digt, Schlaffes<\/span><\/td>\n<\/tr>\n<tr>\n<td><span>Formel<\/span><\/td>\n<td><span>Seife, Sch\u00e4umend<\/span><\/td>\n<\/tr>\n<tr>\n<td><span>Egenschaften<\/span><\/td>\n<td><span>Vegan, Reinigend<\/span><\/td>\n<\/tr>\n<\/tbody>\n<\/table>\n<h5>Inhaltsstoffe<\/h5>\n<div id=\"nav_tabs_content_ingredient\" class=\"accordion-collapse collapse show\" role=\"tabpanel\" aria-labelledby=\"nav_tabs_link_ingredient\">\n<div id=\"prd-tab-content_ingredient\" class=\"accordion-body\">\n<div class=\"oe_structure nav_tabs_content_ingredient\">\n<p><span>Aqua Purificata\/Water, Sodium Methyl Cocoyl Taurate, Coco-Betaine, Lauroyl\/Myristoyl Methyl Glucamide, Sodium Chloride, Glycerin (Vegetable), Decyl Glucoside, Xylitylglucoside, Guar Hydroxypropyltrimonium Chloride, Lactic Acid, Sodium Anisate, Sodium Levulinate, Anhydroxylitol, Xylitol, Citrus Limon (Lemon) Peel Oil, Citrus Paradisi (Grapefruit) Peel Oil, Rosmarinus Officinalis (Rosemary) Leaf Oil, Laurus Nobilis (Bay) Leaf Oil, Pogostemon Cablin (Patchouli) Oil, Mentha Piperita (Peppermint) Oil, Olibanum Oil, Limonene*, Citral*. *Components naturally present in essential oils.<\/span><\/p>\n<\/div>\n<\/div>\n<\/div>\n","protected":false},"excerpt":{"rendered":"<p>ERFRISCHEND Das erfrischende Duschgel ist ein mildes, pflegendes frisches Duschgel. Das Produkt enth\u00e4lt \u00e4therische \u00d6le aus Grapefruit und Lorbeerblatt mit einer erfrischenden Wirkung. Hair &amp; Body Shampoo kann t\u00e4glich zum Waschen von Haar und K\u00f6rper verwendet werden. Es eignet sich auch als Gesichtsreiniger f\u00fcr normale Haut und als Rasierschaum. Die milden, reinigenden Inhaltsstoffe werden aus&#8230;<\/p>\n","protected":false},"featured_media":241,"comment_status":"open","ping_status":"closed","template":"","meta":[],"product_brand":[],"product_cat":[21],"product_tag":[],"class_list":{"0":"post-146","1":"product","2":"type-product","3":"status-publish","4":"has-post-thumbnail","6":"product_cat-body","8":"first","9":"instock","10":"shipping-taxable","11":"purchasable","12":"product-type-simple"},"jetpack_sharing_enabled":true,"_links":{"self":[{"href":"https:\/\/chiara.guendisch.org\/index.php\/wp-json\/wp\/v2\/product\/146","targetHints":{"allow":["GET"]}}],"collection":[{"href":"https:\/\/chiara.guendisch.org\/index.php\/wp-json\/wp\/v2\/product"}],"about":[{"href":"https:\/\/chiara.guendisch.org\/index.php\/wp-json\/wp\/v2\/types\/product"}],"replies":[{"embeddable":true,"href":"https:\/\/chiara.guendisch.org\/index.php\/wp-json\/wp\/v2\/comments?post=146"}],"wp:featuredmedia":[{"embeddable":true,"href":"https:\/\/chiara.guendisch.org\/index.php\/wp-json\/wp\/v2\/media\/241"}],"wp:attachment":[{"href":"https:\/\/chiara.guendisch.org\/index.php\/wp-json\/wp\/v2\/media?parent=146"}],"wp:term":[{"taxonomy":"product_brand","embeddable":true,"href":"https:\/\/chiara.guendisch.org\/index.php\/wp-json\/wp\/v2\/product_brand?post=146"},{"taxonomy":"product_cat","embeddable":true,"href":"https:\/\/chiara.guendisch.org\/index.php\/wp-json\/wp\/v2\/product_cat?post=146"},{"taxonomy":"product_tag","embeddable":true,"href":"https:\/\/chiara.guendisch.org\/index.php\/wp-json\/wp\/v2\/product_tag?post=146"}],"curies":[{"name":"wp","href":"https:\/\/api.w.org\/{rel}","templated":true}]}}