{"id":148,"date":"2025-03-06T14:25:03","date_gmt":"2025-03-06T14:25:03","guid":{"rendered":"https:\/\/chiara.guendisch.org\/index.php\/produkt\/vintage-typewriter\/"},"modified":"2025-03-20T13:21:51","modified_gmt":"2025-03-20T13:21:51","slug":"sonnencreme","status":"publish","type":"product","link":"https:\/\/chiara.guendisch.org\/index.php\/produkt\/sonnencreme\/","title":{"rendered":"Sonnencreme"},"content":{"rendered":"<h4>UV-SCGUTZ 50+<\/h4>\n<p>Sonnencreme, die sowohl Gesicht als auch K\u00f6rper mit einem mittleren Schutz gegen die UV-Strahlung der Sonne sowie gegen kalte Luft versorgt. Auch f\u00fcr Kinder geeignet.<br \/>\n<span>Enth\u00e4lt beruhigendes Jojoba\u00f6l, feuchtigkeitsspendendes Kokosnuss\u00f6l und sch\u00fctzendes Titandioxid, das als nat\u00fcrlicher Sonnenfilter die Haut pflegt und sch\u00fctzt.<br \/>\n<\/span><span>Titandioxid ist die beste Substanz, die man als Sonnenschutzmittel verwenden kann, auch f\u00fcr Kinder. Es ist der von Dermatologen empfohlene Stoff, und wir verwenden ihn seit 1996. Titandioxid ist ein Mineral, das sich auf der Hautoberfl\u00e4che absetzt und die Sonnenstrahlung reflektiert. Es dringt nicht in den K\u00f6rper ein und verdeckt auch nicht die Warnsignale der Haut, wie z. B. R\u00f6tungen, wenn sie zu viel Sonne abbekommen hat.<br \/>\n<\/span><span>Wir verwenden Karotin, das aus Karotten gewonnen wird. Es ist gut f\u00fcr trockene Haut und Ekzeme, wirkt freien Radikalen entgegen und hilft bei der Zellregeneration. Karotin hilft auch, die Haut schneller zu br\u00e4unen.<br \/>\n<\/span><span>Das Produkt ist nat\u00fcrlich selbsterhaltend.<\/span><\/p>\n<table class=\"table table-striped table-sm table-hover\">\n<tbody>\n<tr>\n<td><span>Hautzustand:<\/span><\/td>\n<td><span>Fettig, Kind, Empfindlich, Troken, Rijpere huid, Gemischt, Normal, Empfindlich und Reif, Pigmentierung<\/span><\/td>\n<\/tr>\n<tr>\n<td><span>Formel:<\/span><\/td>\n<td><span>\u00d6l<\/span><\/td>\n<\/tr>\n<tr>\n<td><span>Eigenschaften:<\/span><\/td>\n<td><span>Anti-age, Sch\u00fctzend, Vegan, Weichmachend<\/span><\/td>\n<\/tr>\n<\/tbody>\n<\/table>\n<h5>Anwendung:<\/h5>\n<p>Verteilen Sie die Sonnencreme in Ihren H\u00e4nden und tragen Sie es direkt auf Ihre Haut oder auf Ihre Gesichtscreme\/K\u00f6rperlotion auf. F\u00fcr einen noch besseren Sonnenschutz kombinieren Sie es mit Sun Lotion SPF 20 oder Protecting Lotion Outdoor.<br \/>\n<span>Wiederholen Sie die Anwendung im Laufe des Tages und immer nach dem Baden. Denken Sie daran, dass das Sonnenschutzmittel beim Abtrocknen oder Sonnenbaden am Handtuch haften bleiben kann.<br \/>\n<\/span><span>Sonnenb\u00e4der in Ma\u00dfen! Vermeiden Sie die Mittagssonne und setzen Sie kleine Kinder nicht der direkten Sonne aus. \u00dcberm\u00e4\u00dfiges Br\u00e4unen kann Sonnensch\u00e4den verursachen.<\/span><\/p>\n<p><span>HINWEIS! Das Produkt kann auf Kleidung und M\u00f6bel abf\u00e4rben.<\/span><\/p>\n<h5>Inhaltsstoffe<\/h5>\n<div id=\"nav_tabs_content_ingredient\" class=\"accordion-collapse collapse show\" role=\"tabpanel\" aria-labelledby=\"nav_tabs_link_ingredient\">\n<div id=\"prd-tab-content_ingredient\" class=\"accordion-body\">\n<div class=\"oe_structure nav_tabs_content_ingredient\">\n<p><span>Simmondsia Chinensis (Jojoba) Seed Oil, Caprylic\/Capric Triglyceride, Titanium Dioxide, Ricinus Communis (Castor) Seed Oil, Polyhydroxystearic Acid, Stearic Acid, Alumina**, Daucus Carrota Sativus (Carrot) Root Extract, Helianthus Annuus (Sunflower) Seed Oil, Rosmarinus Officinalis (Rosemary) Leaf Extract, Melaleuca Alternifolia (Tea Tree) Leaf Oil, Lavandula Angustifolia (Lavender) Oil, Cymbopogon Citratus (Lemongrass) Oil, Limonene*, Linalool*, Citral*, Geraniol*. *Components naturally present in essential oils.**Bonded to Titanium Dioxide<\/span><\/p>\n<\/div>\n<\/div>\n<\/div>\n","protected":false},"excerpt":{"rendered":"<p>UV-SCGUTZ 50+ Sonnencreme, die sowohl Gesicht als auch K\u00f6rper mit einem mittleren Schutz gegen die UV-Strahlung der Sonne sowie gegen kalte Luft versorgt. Auch f\u00fcr Kinder geeignet. Enth\u00e4lt beruhigendes Jojoba\u00f6l, feuchtigkeitsspendendes Kokosnuss\u00f6l und sch\u00fctzendes Titandioxid, das als nat\u00fcrlicher Sonnenfilter die Haut pflegt und sch\u00fctzt. Titandioxid ist die beste Substanz, die man als Sonnenschutzmittel verwenden kann,&#8230;<\/p>\n","protected":false},"featured_media":248,"comment_status":"open","ping_status":"closed","template":"","meta":[],"product_brand":[],"product_cat":[21,22,24],"product_tag":[],"class_list":{"0":"post-148","1":"product","2":"type-product","3":"status-publish","4":"has-post-thumbnail","6":"product_cat-body","7":"product_cat-gesicht","8":"product_cat-reiseprodukte","10":"first","11":"instock","12":"shipping-taxable","13":"purchasable","14":"product-type-simple"},"jetpack_sharing_enabled":true,"_links":{"self":[{"href":"https:\/\/chiara.guendisch.org\/index.php\/wp-json\/wp\/v2\/product\/148","targetHints":{"allow":["GET"]}}],"collection":[{"href":"https:\/\/chiara.guendisch.org\/index.php\/wp-json\/wp\/v2\/product"}],"about":[{"href":"https:\/\/chiara.guendisch.org\/index.php\/wp-json\/wp\/v2\/types\/product"}],"replies":[{"embeddable":true,"href":"https:\/\/chiara.guendisch.org\/index.php\/wp-json\/wp\/v2\/comments?post=148"}],"wp:featuredmedia":[{"embeddable":true,"href":"https:\/\/chiara.guendisch.org\/index.php\/wp-json\/wp\/v2\/media\/248"}],"wp:attachment":[{"href":"https:\/\/chiara.guendisch.org\/index.php\/wp-json\/wp\/v2\/media?parent=148"}],"wp:term":[{"taxonomy":"product_brand","embeddable":true,"href":"https:\/\/chiara.guendisch.org\/index.php\/wp-json\/wp\/v2\/product_brand?post=148"},{"taxonomy":"product_cat","embeddable":true,"href":"https:\/\/chiara.guendisch.org\/index.php\/wp-json\/wp\/v2\/product_cat?post=148"},{"taxonomy":"product_tag","embeddable":true,"href":"https:\/\/chiara.guendisch.org\/index.php\/wp-json\/wp\/v2\/product_tag?post=148"}],"curies":[{"name":"wp","href":"https:\/\/api.w.org\/{rel}","templated":true}]}}