{"id":268,"date":"2025-03-20T12:35:44","date_gmt":"2025-03-20T12:35:44","guid":{"rendered":"https:\/\/chiara.guendisch.org\/?post_type=product&#038;p=268"},"modified":"2025-03-20T13:20:35","modified_gmt":"2025-03-20T13:20:35","slug":"anti-aging-creme","status":"publish","type":"product","link":"https:\/\/chiara.guendisch.org\/index.php\/produkt\/anti-aging-creme\/","title":{"rendered":"Anti-Aging Creme"},"content":{"rendered":"<h4>Anti-Aging Creme<\/h4>\n<p>Sie ist ein feuchtigkeitsspendendes Serum mit Rosskastanie, Zypresse und Neroli. Geeignet f\u00fcr empfindliche Haut, einschlie\u00dflich Haut mit Rosacea.<br \/>\n<span>Der Rosskastanienextrakt wirkt sich positiv auf die Blutgef\u00e4\u00dfw\u00e4nde aus, f\u00f6rdert die Durchblutung und hat st\u00e4rkende Eigenschaften.<br \/>\n<\/span><span>Zypresse st\u00e4rkt die Blutgef\u00e4\u00dfe.<br \/>\n<\/span><span>Neroli (vom Pomeranzenbaum) hat eine beruhigende, heilende und ausgleichende Wirkung.<br \/>\n<\/span><span>Das Serum Antirouge ist ein sehr trockenes Produkt, das leicht von der Haut aufgenommen wird.<\/span><\/p>\n<p><span>Das Produkt ist nat\u00fcrlich selbstkonservierend.<\/p>\n<p><\/span><\/p>\n<table class=\"table table-striped table-sm table-hover\">\n<tbody>\n<tr>\n<td><span>Hautzustand<\/span><\/td>\n<td><span>Empfindlich, R\u00f6tung, Rosacea, Sichtbare Blutgef\u00e4\u00dfe<\/span><\/td>\n<\/tr>\n<tr>\n<td><span>Formel<\/span><\/td>\n<td><span>Creme<\/span><\/td>\n<\/tr>\n<tr>\n<td><span>Eigenschaften<\/span><\/td>\n<td><span>St\u00e4rkand, Feuchtigkeitsspendend, Vegan, Beruhigend<\/span><\/td>\n<\/tr>\n<\/tbody>\n<\/table>\n<h5>Anwendung:<\/h5>\n<p><span>Tragen Sie die Creme unter einem Gesichts\u00f6l auf, 1-2 Mal t\u00e4glich. Ergebnisse erfordern eine regelm\u00e4\u00dfige Anwendung.<\/span><\/p>\n<h5>Inhaltsstoffe<\/h5>\n<div id=\"nav_tabs_content_ingredient\" class=\"accordion-collapse collapse show\" role=\"tabpanel\" aria-labelledby=\"nav_tabs_link_ingredient\">\n<div id=\"prd-tab-content_ingredient\" class=\"accordion-body\">\n<div class=\"oe_structure nav_tabs_content_ingredient\">\n<p><span>Aqua Purificata\/Water, Esculine (Horse Chestnut), Glycerin (Vegetable), Sodium Levulinate, Sodium Anisate, Xanthan Gum, Cupressus Sempervirens (Cypress) Oil, Citrus Aurantium Amara (Bitter Orange) Flower Oil, Helianthus Annuus (Sunflower) Seed Oil, Rosmarinus Officinalis (Rosemary) Leaf Extract, Limonene*, Linalool*. *Components naturally present in essential oils.<\/span><\/p>\n<\/div>\n<\/div>\n<\/div>\n","protected":false},"excerpt":{"rendered":"<p>Anti-Aging Creme Sie ist ein feuchtigkeitsspendendes Serum mit Rosskastanie, Zypresse und Neroli. Geeignet f\u00fcr empfindliche Haut, einschlie\u00dflich Haut mit Rosacea. Der Rosskastanienextrakt wirkt sich positiv auf die Blutgef\u00e4\u00dfw\u00e4nde aus, f\u00f6rdert die Durchblutung und hat st\u00e4rkende Eigenschaften. Zypresse st\u00e4rkt die Blutgef\u00e4\u00dfe. Neroli (vom Pomeranzenbaum) hat eine beruhigende, heilende und ausgleichende Wirkung. Das Serum Antirouge ist ein&#8230;<\/p>\n","protected":false},"featured_media":237,"comment_status":"open","ping_status":"closed","template":"","meta":[],"product_brand":[],"product_cat":[22],"product_tag":[],"class_list":{"0":"post-268","1":"product","2":"type-product","3":"status-publish","4":"has-post-thumbnail","6":"product_cat-gesicht","8":"first","9":"instock","10":"shipping-taxable","11":"purchasable","12":"product-type-simple"},"jetpack_sharing_enabled":true,"_links":{"self":[{"href":"https:\/\/chiara.guendisch.org\/index.php\/wp-json\/wp\/v2\/product\/268","targetHints":{"allow":["GET"]}}],"collection":[{"href":"https:\/\/chiara.guendisch.org\/index.php\/wp-json\/wp\/v2\/product"}],"about":[{"href":"https:\/\/chiara.guendisch.org\/index.php\/wp-json\/wp\/v2\/types\/product"}],"replies":[{"embeddable":true,"href":"https:\/\/chiara.guendisch.org\/index.php\/wp-json\/wp\/v2\/comments?post=268"}],"wp:featuredmedia":[{"embeddable":true,"href":"https:\/\/chiara.guendisch.org\/index.php\/wp-json\/wp\/v2\/media\/237"}],"wp:attachment":[{"href":"https:\/\/chiara.guendisch.org\/index.php\/wp-json\/wp\/v2\/media?parent=268"}],"wp:term":[{"taxonomy":"product_brand","embeddable":true,"href":"https:\/\/chiara.guendisch.org\/index.php\/wp-json\/wp\/v2\/product_brand?post=268"},{"taxonomy":"product_cat","embeddable":true,"href":"https:\/\/chiara.guendisch.org\/index.php\/wp-json\/wp\/v2\/product_cat?post=268"},{"taxonomy":"product_tag","embeddable":true,"href":"https:\/\/chiara.guendisch.org\/index.php\/wp-json\/wp\/v2\/product_tag?post=268"}],"curies":[{"name":"wp","href":"https:\/\/api.w.org\/{rel}","templated":true}]}}