{"id":271,"date":"2025-03-20T12:40:27","date_gmt":"2025-03-20T12:40:27","guid":{"rendered":"https:\/\/chiara.guendisch.org\/?post_type=product&#038;p=271"},"modified":"2025-03-20T13:20:20","modified_gmt":"2025-03-20T13:20:20","slug":"bodylotion","status":"publish","type":"product","link":"https:\/\/chiara.guendisch.org\/index.php\/produkt\/bodylotion\/","title":{"rendered":"Bodylotion"},"content":{"rendered":"<h4>PFLEGEND<br \/>\nenergiesierende Pflege<\/h4>\n<p>Body Lotion ist eine erweichende und wohltuende Lotion, die trockener Haut entgegenwirkt. Der leichte Duft spricht sowohl M\u00e4nner als auch Frauen an.<\/p>\n<p><span>Die Kombination aus pflanzlichen \u00d6len, Vitaminen, Milchs\u00e4ure (AHA) und \u00e4therischen \u00d6len aus Bergamotte und Sandelholz hilft der Haut, ein gutes Feuchtigkeits- und Fettgleichgewicht zu bewahren. Bergamotte\u00f6l soll Ekzeme lindern und ist sehr gut bei Schuppenflechte. Sandelholz\u00f6l kann Reizungen durch Sonnenbrand, Insektenstiche, Schuppenflechte und trockene Ekzeme lindern. Milchs\u00e4ure aus Zuckerr\u00fcben und Sheabutter von wilden Sheab\u00e4umen bewahren die Feuchtigkeit und sind gut gegen Dehnungsstreifen.<\/span><\/p>\n<p><span>Da die Zutaten unterschiedlich geerntet werden, k\u00f6nnen auch der Geschmack und die Konsistenz variieren.<\/span><\/p>\n<p><span>Das Produkt ist nat\u00fcrlich selbstkonservierend.<\/span><\/p>\n<table class=\"table table-striped table-sm table-hover\">\n<tbody>\n<tr>\n<td><span>Hautzustand<\/span><\/td>\n<td><span>Empfindlich, Troken, Normal, Schuppenflechte, Keratosis Pilaris<\/span><\/td>\n<\/tr>\n<tr>\n<td><span>Formel<\/span><\/td>\n<td><span>Creme<\/span><\/td>\n<\/tr>\n<tr>\n<td><span>Eigenschaften<\/span><\/td>\n<td><span>Sch\u00fctzend, Feuchtigkeitsspendend, Vegan, Weichmachend<\/span><\/td>\n<\/tr>\n<\/tbody>\n<\/table>\n<h5>Anwendung:<\/h5>\n<p>Verwenden Sie die Body Lotion jeden Tag, besonders im Winter oder nach dem Sonnenbad. Kombinieren Sie sie mit Aloe Vera Barbadensis f\u00fcr zus\u00e4tzliche Feuchtigkeit. Bei sehr trockener Haut kann ein leichtes Prickeln auftreten, wenn die Haut das Produkt aufnimmt.<\/p>\n<p><span>Bei Ekzemen:<\/span><br \/>\n<span>Die Milchs\u00e4ure in Body Lotion kann in vielen F\u00e4llen die Heilung von Ekzemen unterst\u00fctzen. Wenn beim Auftragen der Body Lotion Juckreiz auftritt, sollten Sie die Behandlung abbrechen und stattdessen eines der \u00d6le oder Balsame aus unserem Sortiment verwenden. Bei feuchten Ekzemen sollten Sie stattdessen Aloe Vera Barbadensis verwenden.<\/span><\/p>\n<p><span>Als Spa-Behandlung zu Hause:<\/span><br \/>\n<span>Zuerst ein beliebiges Body &amp; Massage Oil einmassieren und dann eine gro\u00dfz\u00fcgige Menge Body Lotion auftragen.<\/span><\/p>\n<h5>Inhaltsstoffe<\/h5>\n<div id=\"nav_tabs_content_ingredient\" class=\"accordion-collapse collapse show\" role=\"tabpanel\" aria-labelledby=\"nav_tabs_link_ingredient\">\n<div id=\"prd-tab-content_ingredient\" class=\"accordion-body\">\n<div class=\"oe_structure nav_tabs_content_ingredient\">\n<p><span>Aqua Purificata\/Water, Simmondsia Chinensis (Jojoba) Seed Oil, Squalane (Vegetable), Glycerin (Vegetable), Butyrospermum Parkii (Shea) Butter, Glyceryl Stearate Citrate, Cetearyl Alcohol, Glyceryl Caprylate, Lactic Acid, Sodium Levulinate, Sodium Anisate, Citrus Bergamia (Bergamot Orange) Peel Oil, Santalum Album (Sandalwood) Oil, Sodium Lactate, Xanthan Gum, Helianthus Annus (Sunflower) Seed OIl, Rosmarinus Officinalis (Rosemary) Leaf Extract, Limonene*, Linalool*. *Components naturally present in essential oils.<\/span><\/p>\n<\/div>\n<\/div>\n<\/div>\n","protected":false},"excerpt":{"rendered":"<p>PFLEGEND energiesierende Pflege Body Lotion ist eine erweichende und wohltuende Lotion, die trockener Haut entgegenwirkt. Der leichte Duft spricht sowohl M\u00e4nner als auch Frauen an. Die Kombination aus pflanzlichen \u00d6len, Vitaminen, Milchs\u00e4ure (AHA) und \u00e4therischen \u00d6len aus Bergamotte und Sandelholz hilft der Haut, ein gutes Feuchtigkeits- und Fettgleichgewicht zu bewahren. Bergamotte\u00f6l soll Ekzeme lindern und&#8230;<\/p>\n","protected":false},"featured_media":240,"comment_status":"open","ping_status":"closed","template":"","meta":[],"product_brand":[],"product_cat":[21,22,24],"product_tag":[],"class_list":{"0":"post-271","1":"product","2":"type-product","3":"status-publish","4":"has-post-thumbnail","6":"product_cat-body","7":"product_cat-gesicht","8":"product_cat-reiseprodukte","10":"first","11":"instock","12":"shipping-taxable","13":"purchasable","14":"product-type-simple"},"jetpack_sharing_enabled":true,"_links":{"self":[{"href":"https:\/\/chiara.guendisch.org\/index.php\/wp-json\/wp\/v2\/product\/271","targetHints":{"allow":["GET"]}}],"collection":[{"href":"https:\/\/chiara.guendisch.org\/index.php\/wp-json\/wp\/v2\/product"}],"about":[{"href":"https:\/\/chiara.guendisch.org\/index.php\/wp-json\/wp\/v2\/types\/product"}],"replies":[{"embeddable":true,"href":"https:\/\/chiara.guendisch.org\/index.php\/wp-json\/wp\/v2\/comments?post=271"}],"wp:featuredmedia":[{"embeddable":true,"href":"https:\/\/chiara.guendisch.org\/index.php\/wp-json\/wp\/v2\/media\/240"}],"wp:attachment":[{"href":"https:\/\/chiara.guendisch.org\/index.php\/wp-json\/wp\/v2\/media?parent=271"}],"wp:term":[{"taxonomy":"product_brand","embeddable":true,"href":"https:\/\/chiara.guendisch.org\/index.php\/wp-json\/wp\/v2\/product_brand?post=271"},{"taxonomy":"product_cat","embeddable":true,"href":"https:\/\/chiara.guendisch.org\/index.php\/wp-json\/wp\/v2\/product_cat?post=271"},{"taxonomy":"product_tag","embeddable":true,"href":"https:\/\/chiara.guendisch.org\/index.php\/wp-json\/wp\/v2\/product_tag?post=271"}],"curies":[{"name":"wp","href":"https:\/\/api.w.org\/{rel}","templated":true}]}}