{"id":274,"date":"2025-03-20T12:48:08","date_gmt":"2025-03-20T12:48:08","guid":{"rendered":"https:\/\/chiara.guendisch.org\/?post_type=product&#038;p=274"},"modified":"2025-03-20T13:19:56","modified_gmt":"2025-03-20T13:19:56","slug":"reinigungsgel","status":"publish","type":"product","link":"https:\/\/chiara.guendisch.org\/index.php\/produkt\/reinigungsgel\/","title":{"rendered":"Reinigungsgel"},"content":{"rendered":"<h4>REINIGUNGSGEL PORENTIEF<br \/>\nbei fettiger und unreiner Haut mit Salycils\u00e4ure<\/h4>\n<p>Reinigungsgel ist f\u00fcr fettige und Mischhaut, die nicht empfindlich ist.<\/p>\n<p><span>Die reinigenden Inhaltsstoffe des Produkts stammen aus Mais und Kokosnuss. \u00c4therische \u00d6le aus Grapefruit, Oregano, Thymian, Zimt und Lavendel haben ebenfalls eine reinigende Wirkung.<\/span><\/p>\n<p><span>Das Produkt ist nat\u00fcrlich selbstkonservierend.<\/span><\/p>\n<table class=\"table table-striped table-sm table-hover\">\n<tbody>\n<tr>\n<td><span>Hautzustand<\/span><\/td>\n<td><span>Akne, Fettig, Gemischt<\/span><\/td>\n<\/tr>\n<tr>\n<td><span>Formel<\/span><\/td>\n<td><span>Sch\u00e4umend<\/span><\/td>\n<\/tr>\n<tr>\n<td><span>Eigenschaften<\/span><\/td>\n<td><span>Vegan, ausgleichend, Reinigend<\/span><\/td>\n<\/tr>\n<\/tbody>\n<\/table>\n<h5>Anwendung:<\/h5>\n<p><span>Nehmen Sie eine kleine Menge Gel und sch\u00e4umen Sie es vor der Anwendung mit etwas Wasser auf, oder arbeiten Sie das Produkt direkt in die feuchte Haut ein. Mit lauwarmem Wasser absp\u00fclen. Mit dem passenden Freshener (Toner) abschlie\u00dfen.<\/span><\/p>\n<h5>Inhaltsstoffe<\/h5>\n<div id=\"nav_tabs_content_ingredient\" class=\"accordion-collapse collapse show\" role=\"tabpanel\" aria-labelledby=\"nav_tabs_link_ingredient\">\n<div id=\"prd-tab-content_ingredient\" class=\"accordion-body\">\n<div class=\"oe_structure nav_tabs_content_ingredient\">\n<p><span>Aqua Purificata\/Water, Sodium Methyl Cocoyl Taurate, Cocamidopropyl Betaine, Sodium Chloride, Glycerin (Vegetable), Coco-Betaine, Lauroyl\/Myristoyl Methyl Glucamide, Decyl Glucoside, Xylitylglucoside, Guar Hydroxypropyltrimonium Chloride, Sodium Anisate, Sodium Levulinate, Anhydroxylitol, Xylitol, Lactic Acid, Origanum Vulgare Leaf Oil, Rosmarinus Officinalis (Rosemary) Leaf Oil, Thymol, Lavandula Angustifolia (Lavender) Oil, Hydrastis Canadensis (Goldenseal) Extract, Olea Europaea (Olive) Leaf Extract, Cinnamomum Zeylanicum (Cinnamon) Bark Oil, Citrus Grandis (Grapefruit) Peel Oil, Limonene*, Linalool*. *Components naturally present in essential oils.<\/span><\/p>\n<\/div>\n<\/div>\n<\/div>\n","protected":false},"excerpt":{"rendered":"<p>REINIGUNGSGEL PORENTIEF bei fettiger und unreiner Haut mit Salycils\u00e4ure Reinigungsgel ist f\u00fcr fettige und Mischhaut, die nicht empfindlich ist. Die reinigenden Inhaltsstoffe des Produkts stammen aus Mais und Kokosnuss. \u00c4therische \u00d6le aus Grapefruit, Oregano, Thymian, Zimt und Lavendel haben ebenfalls eine reinigende Wirkung. Das Produkt ist nat\u00fcrlich selbstkonservierend. Hautzustand Akne, Fettig, Gemischt Formel Sch\u00e4umend Eigenschaften&#8230;<\/p>\n","protected":false},"featured_media":246,"comment_status":"open","ping_status":"closed","template":"","meta":[],"product_brand":[],"product_cat":[22],"product_tag":[],"class_list":{"0":"post-274","1":"product","2":"type-product","3":"status-publish","4":"has-post-thumbnail","6":"product_cat-gesicht","8":"first","9":"instock","10":"shipping-taxable","11":"purchasable","12":"product-type-simple"},"jetpack_sharing_enabled":true,"_links":{"self":[{"href":"https:\/\/chiara.guendisch.org\/index.php\/wp-json\/wp\/v2\/product\/274","targetHints":{"allow":["GET"]}}],"collection":[{"href":"https:\/\/chiara.guendisch.org\/index.php\/wp-json\/wp\/v2\/product"}],"about":[{"href":"https:\/\/chiara.guendisch.org\/index.php\/wp-json\/wp\/v2\/types\/product"}],"replies":[{"embeddable":true,"href":"https:\/\/chiara.guendisch.org\/index.php\/wp-json\/wp\/v2\/comments?post=274"}],"wp:featuredmedia":[{"embeddable":true,"href":"https:\/\/chiara.guendisch.org\/index.php\/wp-json\/wp\/v2\/media\/246"}],"wp:attachment":[{"href":"https:\/\/chiara.guendisch.org\/index.php\/wp-json\/wp\/v2\/media?parent=274"}],"wp:term":[{"taxonomy":"product_brand","embeddable":true,"href":"https:\/\/chiara.guendisch.org\/index.php\/wp-json\/wp\/v2\/product_brand?post=274"},{"taxonomy":"product_cat","embeddable":true,"href":"https:\/\/chiara.guendisch.org\/index.php\/wp-json\/wp\/v2\/product_cat?post=274"},{"taxonomy":"product_tag","embeddable":true,"href":"https:\/\/chiara.guendisch.org\/index.php\/wp-json\/wp\/v2\/product_tag?post=274"}],"curies":[{"name":"wp","href":"https:\/\/api.w.org\/{rel}","templated":true}]}}