{"id":288,"date":"2025-03-20T13:18:58","date_gmt":"2025-03-20T13:18:58","guid":{"rendered":"https:\/\/chiara.guendisch.org\/?post_type=product&#038;p=288"},"modified":"2025-03-20T13:19:16","modified_gmt":"2025-03-20T13:19:16","slug":"peeling","status":"publish","type":"product","link":"https:\/\/chiara.guendisch.org\/index.php\/produkt\/peeling\/","title":{"rendered":"Peeling"},"content":{"rendered":"<h4>PEELING REVITALISIEREND<br \/>\nverfeinert das Hautbild<\/h4>\n<p>Das Peeling ist ein \u00f6lbasiertes, wohlriechendes und hochwirksames K\u00f6rperpeeling f\u00fcr weniger empfindliche Haut.<br \/>\n<span>Es enth\u00e4lt eine reizvolle Kombination aus Meersalz, pflanzlichen \u00d6len und \u00e4therischen \u00d6len f\u00fcr einen erfrischenden Duft. Die Salzk\u00f6rner peelen die Haut effektiv und machen sie weich und geschmeidig.<\/span><\/p>\n<p><span>Das Produkt ist nat\u00fcrlich selbstkonservierend.<br \/>\n<\/span><\/p>\n<table class=\"table table-striped table-sm table-hover\">\n<tbody>\n<tr>\n<td><span>Hautzustand<\/span><\/td>\n<td><span>Troken, Normal, Schuppenflechte, Keratosis Pilaris<\/span><\/td>\n<\/tr>\n<tr>\n<td><span>Formel<\/span><\/td>\n<td><span>K\u00f6rnung, \u00d6l<\/span><\/td>\n<\/tr>\n<tr>\n<td><span>Eigenschaften<\/span><\/td>\n<td><span>Vegan, Weichmachend, Aufhellend, Reinigend, Peelend, Vitalisierend<\/span><\/td>\n<\/tr>\n<\/tbody>\n<\/table>\n<h5>Anwendung:<\/h5>\n<p>Tragen Sie Salt Scrub Energy auf die trockene Haut auf, um einen optimalen Peelingeffekt zu erzielen. Massieren Sie es am ganzen K\u00f6rper ein und duschen Sie es dann ab. F\u00fcr ein sanfteres Peeling tragen Sie Salt Scrub Energy auf die nasse Haut auf, wodurch sich das Salz aufl\u00f6st.<\/p>\n<p><span>Salt Scrub Energy eignet sich auch gut f\u00fcr F\u00fc\u00dfe und Nagelhaut.<\/span><\/p>\n<h5>Inhaltsstoffe<\/h5>\n<div id=\"nav_tabs_content_ingredient\" class=\"accordion-collapse collapse show\" role=\"tabpanel\" aria-labelledby=\"nav_tabs_link_ingredient\">\n<div id=\"prd-tab-content_ingredient\" class=\"accordion-body\">\n<div class=\"oe_structure nav_tabs_content_ingredient\">\n<p><span>Maris Sal\/Sea Salt, Helianthus Annuus (Sunflower) Seed Oil, Brassica Napus (Rape) Seed Oil, Cetearyl Alcohol, Coco-Glucoside, Rosmarinus Officinalis (Rosemary) Leaf Oil, Simmondsia Chinensis (Jojoba) Seed Oil, Cymbopogon Citratus (Lemongrass) Leaf Oil, Juniperus Communis (Juniper) Fruit Oil, Lavandula Angustifolia (Lavender) Oil, Olea Europaea (Olive) Fruit Oil, Rosmarinus Officinalis (Rosemary) Leaf Extract, Limonene*, Linalool*, Citral*. *Components naturally present in essential oils.<\/span><\/p>\n<\/div>\n<\/div>\n<\/div>\n","protected":false},"excerpt":{"rendered":"<p>PEELING REVITALISIEREND verfeinert das Hautbild Das Peeling ist ein \u00f6lbasiertes, wohlriechendes und hochwirksames K\u00f6rperpeeling f\u00fcr weniger empfindliche Haut. Es enth\u00e4lt eine reizvolle Kombination aus Meersalz, pflanzlichen \u00d6len und \u00e4therischen \u00d6len f\u00fcr einen erfrischenden Duft. Die Salzk\u00f6rner peelen die Haut effektiv und machen sie weich und geschmeidig. Das Produkt ist nat\u00fcrlich selbstkonservierend. Hautzustand Troken, Normal, Schuppenflechte,&#8230;<\/p>\n","protected":false},"featured_media":245,"comment_status":"open","ping_status":"closed","template":"","meta":[],"product_brand":[],"product_cat":[21,22],"product_tag":[],"class_list":{"0":"post-288","1":"product","2":"type-product","3":"status-publish","4":"has-post-thumbnail","6":"product_cat-body","7":"product_cat-gesicht","9":"first","10":"instock","11":"shipping-taxable","12":"purchasable","13":"product-type-simple"},"jetpack_sharing_enabled":true,"_links":{"self":[{"href":"https:\/\/chiara.guendisch.org\/index.php\/wp-json\/wp\/v2\/product\/288","targetHints":{"allow":["GET"]}}],"collection":[{"href":"https:\/\/chiara.guendisch.org\/index.php\/wp-json\/wp\/v2\/product"}],"about":[{"href":"https:\/\/chiara.guendisch.org\/index.php\/wp-json\/wp\/v2\/types\/product"}],"replies":[{"embeddable":true,"href":"https:\/\/chiara.guendisch.org\/index.php\/wp-json\/wp\/v2\/comments?post=288"}],"wp:featuredmedia":[{"embeddable":true,"href":"https:\/\/chiara.guendisch.org\/index.php\/wp-json\/wp\/v2\/media\/245"}],"wp:attachment":[{"href":"https:\/\/chiara.guendisch.org\/index.php\/wp-json\/wp\/v2\/media?parent=288"}],"wp:term":[{"taxonomy":"product_brand","embeddable":true,"href":"https:\/\/chiara.guendisch.org\/index.php\/wp-json\/wp\/v2\/product_brand?post=288"},{"taxonomy":"product_cat","embeddable":true,"href":"https:\/\/chiara.guendisch.org\/index.php\/wp-json\/wp\/v2\/product_cat?post=288"},{"taxonomy":"product_tag","embeddable":true,"href":"https:\/\/chiara.guendisch.org\/index.php\/wp-json\/wp\/v2\/product_tag?post=288"}],"curies":[{"name":"wp","href":"https:\/\/api.w.org\/{rel}","templated":true}]}}