{"id":290,"date":"2025-03-20T13:27:48","date_gmt":"2025-03-20T13:27:48","guid":{"rendered":"https:\/\/chiara.guendisch.org\/?post_type=product&#038;p=290"},"modified":"2025-03-20T13:28:18","modified_gmt":"2025-03-20T13:28:18","slug":"gesichtswasser","status":"publish","type":"product","link":"https:\/\/chiara.guendisch.org\/index.php\/produkt\/gesichtswasser\/","title":{"rendered":"Gesichtswasser"},"content":{"rendered":"<h4>ERFRISCHEND<br \/>\nberuhigt die Haut und reich an Mineralien<\/h4>\n<p>Ein ausgleichendes Gesichtswasser f\u00fcr alle Hauttypen, auch f\u00fcr empfindliche Haut. Es vervollst\u00e4ndigt den Reinigungsprozess und bereitet die Haut auf die nachfolgenden Produkte vor, indem es die austrocknende Wirkung des Wassers neutralisiert und als leichter Weichmacher wirkt.<\/p>\n<p><span>Neroli wird aus den Bl\u00fcten des Pomeranzenbaums gewonnen. Aufgrund von Boden- und Wetterschwankungen k\u00f6nnen Farbe und Duft des Produkts leicht variieren.<\/span><\/p>\n<p><span>Das Gesichtswasser enth\u00e4lt au\u00dferdem probiotische Milchs\u00e4urebakterien, die die Haut gesund und strahlend halten. Die von uns verwendeten Milchs\u00e4urebakterien sind Lactobacillus casei und Lactobacillus acidophilus, die die Haut vor schlechten Bakterien sch\u00fctzen. Die Milchs\u00e4urebakterien sind bereits inaktiviert, d.h. es entsteht kein Wachstum im Produkt.<br \/>\n<\/span><\/p>\n<table class=\"table table-striped table-sm table-hover\">\n<tbody>\n<tr>\n<td><span>Hautzustand<\/span><\/td>\n<td><span>Fettig, Empfindlich, Troken, Rijpere huid, Gemischt, Normal, Empfindlich und Reif<\/span><\/td>\n<\/tr>\n<tr>\n<td><span>Formel<\/span><\/td>\n<td><span>Fl\u00fcssig, Spray<\/span><\/td>\n<\/tr>\n<tr>\n<td><span>Eigenschaften<\/span><\/td>\n<td><span>Feuchtigkeitsspendend, Vegan, ausgleichend, Reinigend<\/span><\/td>\n<\/tr>\n<\/tbody>\n<\/table>\n<h5>Anwendung:<\/h5>\n<p>Verwenden Sie Freshener nach jeder Gesichtsreinigung. Nehmen Sie Neroli Freshener auf ein angefeuchtetes Tuch und verteilen Sie es auf dem Gesicht, oder spr\u00fchen Sie es direkt auf das Gesicht. Anschlie\u00dfend \u00d6l und\/oder Creme auftragen.<\/p>\n<p><span>Freshener kann auch f\u00fcr Augenkompressen und als feuchtigkeitsspendendes und erfrischendes Spray w\u00e4hrend des Tages verwendet werden.<\/span><\/p>\n<h5>Inhaltsstoffe<\/h5>\n<div id=\"nav_tabs_content_ingredient\" class=\"accordion-collapse collapse show\" role=\"tabpanel\" aria-labelledby=\"nav_tabs_link_ingredient\">\n<div id=\"prd-tab-content_ingredient\" class=\"accordion-body\">\n<div class=\"oe_structure nav_tabs_content_ingredient\">\n<p><span>Aqua Purificata\/Water, Pentylene Glycol, Glycerin (Vegetable), Lactobacillus, Polymnia Sonchifolia Root Juice, Sodium Levulinate, Alpha-Glucan Oligosaccharide, Levulinic Acid, Maltodextrin, Heptyl Glucoside, Citrus Aurantium (Bitter Orange) Flower Oil, Lactic Acid, Limonene*, Linalool*, Farnesol*, Geraniol*.*Components naturally present in essential oils.<\/span><\/p>\n<\/div>\n<\/div>\n<\/div>\n","protected":false},"excerpt":{"rendered":"<p>ERFRISCHEND beruhigt die Haut und reich an Mineralien Ein ausgleichendes Gesichtswasser f\u00fcr alle Hauttypen, auch f\u00fcr empfindliche Haut. Es vervollst\u00e4ndigt den Reinigungsprozess und bereitet die Haut auf die nachfolgenden Produkte vor, indem es die austrocknende Wirkung des Wassers neutralisiert und als leichter Weichmacher wirkt. Neroli wird aus den Bl\u00fcten des Pomeranzenbaums gewonnen. Aufgrund von Boden-&#8230;<\/p>\n","protected":false},"featured_media":243,"comment_status":"open","ping_status":"closed","template":"","meta":[],"product_brand":[],"product_cat":[21,22],"product_tag":[],"class_list":{"0":"post-290","1":"product","2":"type-product","3":"status-publish","4":"has-post-thumbnail","6":"product_cat-body","7":"product_cat-gesicht","9":"first","10":"instock","11":"shipping-taxable","12":"purchasable","13":"product-type-simple"},"jetpack_sharing_enabled":true,"_links":{"self":[{"href":"https:\/\/chiara.guendisch.org\/index.php\/wp-json\/wp\/v2\/product\/290","targetHints":{"allow":["GET"]}}],"collection":[{"href":"https:\/\/chiara.guendisch.org\/index.php\/wp-json\/wp\/v2\/product"}],"about":[{"href":"https:\/\/chiara.guendisch.org\/index.php\/wp-json\/wp\/v2\/types\/product"}],"replies":[{"embeddable":true,"href":"https:\/\/chiara.guendisch.org\/index.php\/wp-json\/wp\/v2\/comments?post=290"}],"wp:featuredmedia":[{"embeddable":true,"href":"https:\/\/chiara.guendisch.org\/index.php\/wp-json\/wp\/v2\/media\/243"}],"wp:attachment":[{"href":"https:\/\/chiara.guendisch.org\/index.php\/wp-json\/wp\/v2\/media?parent=290"}],"wp:term":[{"taxonomy":"product_brand","embeddable":true,"href":"https:\/\/chiara.guendisch.org\/index.php\/wp-json\/wp\/v2\/product_brand?post=290"},{"taxonomy":"product_cat","embeddable":true,"href":"https:\/\/chiara.guendisch.org\/index.php\/wp-json\/wp\/v2\/product_cat?post=290"},{"taxonomy":"product_tag","embeddable":true,"href":"https:\/\/chiara.guendisch.org\/index.php\/wp-json\/wp\/v2\/product_tag?post=290"}],"curies":[{"name":"wp","href":"https:\/\/api.w.org\/{rel}","templated":true}]}}