{"id":292,"date":"2025-03-20T13:34:05","date_gmt":"2025-03-20T13:34:05","guid":{"rendered":"https:\/\/chiara.guendisch.org\/?post_type=product&#038;p=292"},"modified":"2025-03-20T13:39:22","modified_gmt":"2025-03-20T13:39:22","slug":"gesichtscreme","status":"publish","type":"product","link":"https:\/\/chiara.guendisch.org\/index.php\/produkt\/gesichtscreme\/","title":{"rendered":"Gesichtscreme"},"content":{"rendered":"<h4>Feuchtigkeitsspendend mit Hyalurons\u00e4ure<\/h4>\n<p>Die Gesichtscreme ist ein feuchtigkeitsspendender Balsam, der f\u00fcr alle Hauttypen geeignet ist. Sie enth\u00e4lt eine n\u00e4hrstoffreiche Komposition aus Pflanzen\u00f6len und \u00e4therischen \u00d6len, die die Feuchtigkeit in der Haut einkapseln und sie vor \u00e4u\u00dferen Einfl\u00fcssen wie K\u00e4lte und Wind sch\u00fctzen.<\/p>\n<p><span>Enth\u00e4lt \u00e4therisches Rosen\u00f6l, das aus Rosenbl\u00e4ttern destilliert wird, regenerierend wirkt und die feuchtigkeitsspendende Wirkung verst\u00e4rkt.<\/span><\/p>\n<p><span>Rein pflanzliche \u00d6le aus Hagebuttenkernen, Kurkuma, Jojoba und Squalan aus Oliven\u00f6l erh\u00f6hen den Feuchtigkeitsgehalt der Haut und verbessern ihre Widerstandsf\u00e4higkeit. Hagebuttenkern\u00f6l hilft der Haut, sich zu regenerieren und wird zur Behandlung von Altersflecken eingesetzt. Kurkuma\u00f6l erh\u00f6ht die Sauerstoffaufnahme und die zellul\u00e4re Widerstandskraft und beugt trockener Haut vor. Jojoba\u00f6l hat eine weichmachende und ausgleichende Wirkung. Squalan aus Oliven\u00f6l verbessert die Zellteilung in der Haut und ist feuchtigkeitsspendend. Es ebnet auch den Weg f\u00fcr das Vitamin A in Hagebuttenkern\u00f6l.<\/span><\/p>\n<p><span>Das Produkt ist von Natur aus selbstkonservierend.<\/span><\/p>\n<p>&nbsp;<\/p>\n<table class=\"table table-striped table-sm table-hover\">\n<tbody>\n<tr>\n<td><span>Hautzustand<\/span><\/td>\n<td><span>Fettig, Kind, Empfindlich, Troken, Rijpere huid, Gemischt, Normal, Empfindlich und Reif<\/span><\/td>\n<\/tr>\n<tr>\n<td><span>Formel<\/span><\/td>\n<td><span>Creme<\/span><\/td>\n<\/tr>\n<tr>\n<td><span>Eigenschaften<\/span><\/td>\n<td><span>St\u00e4rkand, Sch\u00fctzend, Weichmachend<\/span><\/td>\n<\/tr>\n<\/tbody>\n<\/table>\n<h5>Anwendung:<\/h5>\n<p>Verwenden Sie den Gesichtsbalsam w\u00e4hrend des Tages. Er bietet einen guten Schutz vor K\u00e4lte und Wind und eignet sich daher f\u00fcr die Verwendung nach der Tagescreme in den Wintermonaten.<\/p>\n<p><span>Tragen Sie den Gesichtsbalsam als abschlie\u00dfende, sch\u00fctzende Schicht Ihrer Hautpflegeroutine auf. Nehmen Sie eine kleine Menge und erw\u00e4rmen Sie sie vor dem Auftragen zwischen den Fingerspitzen. Verwenden Sie f\u00fcr die Augenpartie stattdessen Augencreme, Augencreme More, Augenbalsam oder Augengel.<\/span><\/p>\n<h5>Inhaltsstoffe<\/h5>\n<div id=\"nav_tabs_content_ingredient\" class=\"accordion-collapse collapse show\" role=\"tabpanel\" aria-labelledby=\"nav_tabs_link_ingredient\">\n<div id=\"prd-tab-content_ingredient\" class=\"accordion-body\">\n<div class=\"oe_structure nav_tabs_content_ingredient\">\n<p><span>Simmondsia Chinensis (Jojoba) Seed Oil, Cera Flava (Beeswax), Squalane, Caprylic\/Capric Triglyceride, Butyrospermum Parkii (Shea) Butter, Persea Gratissima (Avocado) Oil, Phytosterols, Borago Officinalis (Borage) Seed Oil, Rosa Canina (Dog Rose) Fruit Oil, Olea Europaea (Olive) Fruit Oil, Rosa Damascena (Rose) Flower Oil, Sorbitan Oleate, Helianthus Annuus (Sunflower) Seed Oil, Rosmarinus Officinalis (Rosemary) Leaf Extract, Ascorbyl Palmitate, Tocopheryl Acetate, Linalool*, Citral, Geraniol*, Farnesol*, Eugenol*, Citronellol*.<\/span><br \/>\n<span>*Components naturally present in essential oils.<\/span><\/p>\n<\/div>\n<\/div>\n<\/div>\n","protected":false},"excerpt":{"rendered":"<p>Feuchtigkeitsspendend mit Hyalurons\u00e4ure Die Gesichtscreme ist ein feuchtigkeitsspendender Balsam, der f\u00fcr alle Hauttypen geeignet ist. Sie enth\u00e4lt eine n\u00e4hrstoffreiche Komposition aus Pflanzen\u00f6len und \u00e4therischen \u00d6len, die die Feuchtigkeit in der Haut einkapseln und sie vor \u00e4u\u00dferen Einfl\u00fcssen wie K\u00e4lte und Wind sch\u00fctzen. Enth\u00e4lt \u00e4therisches Rosen\u00f6l, das aus Rosenbl\u00e4ttern destilliert wird, regenerierend wirkt und die feuchtigkeitsspendende&#8230;<\/p>\n","protected":false},"featured_media":242,"comment_status":"open","ping_status":"closed","template":"","meta":[],"product_brand":[],"product_cat":[22,24],"product_tag":[],"class_list":{"0":"post-292","1":"product","2":"type-product","3":"status-publish","4":"has-post-thumbnail","6":"product_cat-gesicht","7":"product_cat-reiseprodukte","9":"first","10":"instock","11":"shipping-taxable","12":"purchasable","13":"product-type-simple"},"jetpack_sharing_enabled":true,"_links":{"self":[{"href":"https:\/\/chiara.guendisch.org\/index.php\/wp-json\/wp\/v2\/product\/292","targetHints":{"allow":["GET"]}}],"collection":[{"href":"https:\/\/chiara.guendisch.org\/index.php\/wp-json\/wp\/v2\/product"}],"about":[{"href":"https:\/\/chiara.guendisch.org\/index.php\/wp-json\/wp\/v2\/types\/product"}],"replies":[{"embeddable":true,"href":"https:\/\/chiara.guendisch.org\/index.php\/wp-json\/wp\/v2\/comments?post=292"}],"wp:featuredmedia":[{"embeddable":true,"href":"https:\/\/chiara.guendisch.org\/index.php\/wp-json\/wp\/v2\/media\/242"}],"wp:attachment":[{"href":"https:\/\/chiara.guendisch.org\/index.php\/wp-json\/wp\/v2\/media?parent=292"}],"wp:term":[{"taxonomy":"product_brand","embeddable":true,"href":"https:\/\/chiara.guendisch.org\/index.php\/wp-json\/wp\/v2\/product_brand?post=292"},{"taxonomy":"product_cat","embeddable":true,"href":"https:\/\/chiara.guendisch.org\/index.php\/wp-json\/wp\/v2\/product_cat?post=292"},{"taxonomy":"product_tag","embeddable":true,"href":"https:\/\/chiara.guendisch.org\/index.php\/wp-json\/wp\/v2\/product_tag?post=292"}],"curies":[{"name":"wp","href":"https:\/\/api.w.org\/{rel}","templated":true}]}}