{"id":295,"date":"2025-03-20T13:38:16","date_gmt":"2025-03-20T13:38:16","guid":{"rendered":"https:\/\/chiara.guendisch.org\/?post_type=product&#038;p=295"},"modified":"2025-03-20T13:38:16","modified_gmt":"2025-03-20T13:38:16","slug":"haaroel","status":"publish","type":"product","link":"https:\/\/chiara.guendisch.org\/index.php\/produkt\/haaroel\/","title":{"rendered":"Haar\u00f6l"},"content":{"rendered":"<h4>NAT\u00dcRLICH<br \/>\nmit Jojoba\u00f6l<\/h4>\n<p>Das Haar\u00f6l ist ein st\u00e4rkendes und nahrhaftes \u00d6l f\u00fcr Haar und Kopfhaut. Es enth\u00e4lt die \u00e4therischen \u00d6le Rosmarin, Ylang Ylang, Grapefruit und Ingwer sowie Chili-Extrakt.<\/p>\n<p><span>Das \u00e4therische \u00d6l von Ingwer ist gut f\u00fcr die Kopfhaut. Das \u00e4therische \u00d6l der Ylang-Ylang-Blume ist ausgleichend und verleiht dem Haar Glanz. \u00c4therisches \u00d6l aus Grapefruitschalen wirkt reinigend und pflegend.<\/span><\/p>\n<p><span>Chiliextrakt enth\u00e4lt u. a. Capsaicin, das w\u00e4rmende Eigenschaften hat. Capsaicin ist der Stoff, der Chilischoten ihren scharfen und w\u00fcrzigen Geschmack verleiht<\/span><\/p>\n<p><span>Sheabutter\u00f6l und Jojoba\u00f6l liefern wertvolle Fetts\u00e4uren.<\/span><\/p>\n<p><span>Die Flasche ist mit einem hygienischen Tropfeinsatz ausgestattet.<\/span><\/p>\n<p><span>Das Produkt ist nat\u00fcrlich selbstkonservierend.<\/span><\/p>\n<p>&nbsp;<\/p>\n<table class=\"table table-striped table-sm table-hover\">\n<tbody>\n<tr>\n<td><span>Haartyp<\/span><\/td>\n<td><span>D\u00fcnn, Trocken, Leblos, Gelockt, Flauschig, Gef\u00e4rbt\/gebleicht, Dicht, Fettig, Besch\u00e4digt, Schlaffes, Empfindliche Kopfhaut<\/span><\/td>\n<\/tr>\n<tr>\n<td><span>Formel<\/span><\/td>\n<td><span>\u00d6l<\/span><\/td>\n<\/tr>\n<tr>\n<td><span>Egenschaften<\/span><\/td>\n<td><span>St\u00e4rkand, Vegan, Weichmachend, Aufhellend, Leave-in<\/span><\/td>\n<\/tr>\n<\/tbody>\n<\/table>\n<h5>Anwendung:<\/h5>\n<p>Tragen Sie das \u00d6l auf das frisch gewaschene Haar auf; die Wirkung ist schw\u00e4cher, wenn die Kopfhaut fettig ist. Massieren Sie die Kopfhaut mit den Fingerspitzen kr\u00e4ftig durch. F\u00fcr einen w\u00e4rmenden Effekt eine Plastikkappe aufsetzen, ein Handtuch um den Kopf wickeln und mindestens eine Stunde einwirken lassen. Sie k\u00f6nnen das \u00d6l auch \u00fcber Nacht einwirken lassen, allerdings ohne die Plastikkappe, damit die Kopfhaut atmen kann. Sch\u00fctzen Sie das Kopfkissen mit einem Handtuch. Mit Hair &amp; Body Shampoo auswaschen.<\/p>\n<p><span>F\u00fcr beste Ergebnisse mindestens dreimal pro Woche anwenden.<\/span><\/p>\n<p><span>Es kann auch als Haar\u00f6l verwendet werden, anstelle von Silikontropfen. Verteilen Sie 1-2 Tropfen in den Handfl\u00e4chen und tragen Sie es dann auf die Haarspitzen auf. Das macht das Haar weich und gl\u00e4nzend.<\/span><\/p>\n<h5>Inhaltsstoffe<\/h5>\n<div id=\"nav_tabs_content_ingredient\" class=\"accordion-collapse collapse show\" role=\"tabpanel\" aria-labelledby=\"nav_tabs_link_ingredient\">\n<div id=\"prd-tab-content_ingredient\" class=\"accordion-body\">\n<div class=\"oe_structure nav_tabs_content_ingredient\">\n<p><span>Butyrospermum Parkii (Shea) Butter, Simmondsia Chinensis (Jojoba) Seed Oil, Helianthus Annus (Sunflower) Seed Oil, Olea Europaea (Olive) Fruit Oil, Brassica Napus (Rape) Seed Oil, Zingiber Officinale (Ginger) Root Oil, Rosmarinus Officinalis (Rosemary) Leaf Oil, Citrus Paradisi (Grapefruit) Peel Oil, Cananga Odorata (Ylang Ylang) Flower Oil, Capsicum Frutescens Fruit Extract, Rosmarinus Officinalis (Rosemary) Leaf Extract, Limonene*, Citral*, Linalool*, Geraniol*, Farnesol*. *Components naturally present in essential oils.<\/span><\/p>\n<\/div>\n<\/div>\n<\/div>\n","protected":false},"excerpt":{"rendered":"<p>NAT\u00dcRLICH mit Jojoba\u00f6l Das Haar\u00f6l ist ein st\u00e4rkendes und nahrhaftes \u00d6l f\u00fcr Haar und Kopfhaut. Es enth\u00e4lt die \u00e4therischen \u00d6le Rosmarin, Ylang Ylang, Grapefruit und Ingwer sowie Chili-Extrakt. Das \u00e4therische \u00d6l von Ingwer ist gut f\u00fcr die Kopfhaut. Das \u00e4therische \u00d6l der Ylang-Ylang-Blume ist ausgleichend und verleiht dem Haar Glanz. \u00c4therisches \u00d6l aus Grapefruitschalen wirkt&#8230;<\/p>\n","protected":false},"featured_media":244,"comment_status":"open","ping_status":"closed","template":"","meta":[],"product_brand":[],"product_cat":[23],"product_tag":[],"class_list":{"0":"post-295","1":"product","2":"type-product","3":"status-publish","4":"has-post-thumbnail","6":"product_cat-hair","8":"first","9":"instock","10":"shipping-taxable","11":"purchasable","12":"product-type-simple"},"jetpack_sharing_enabled":true,"_links":{"self":[{"href":"https:\/\/chiara.guendisch.org\/index.php\/wp-json\/wp\/v2\/product\/295","targetHints":{"allow":["GET"]}}],"collection":[{"href":"https:\/\/chiara.guendisch.org\/index.php\/wp-json\/wp\/v2\/product"}],"about":[{"href":"https:\/\/chiara.guendisch.org\/index.php\/wp-json\/wp\/v2\/types\/product"}],"replies":[{"embeddable":true,"href":"https:\/\/chiara.guendisch.org\/index.php\/wp-json\/wp\/v2\/comments?post=295"}],"wp:featuredmedia":[{"embeddable":true,"href":"https:\/\/chiara.guendisch.org\/index.php\/wp-json\/wp\/v2\/media\/244"}],"wp:attachment":[{"href":"https:\/\/chiara.guendisch.org\/index.php\/wp-json\/wp\/v2\/media?parent=295"}],"wp:term":[{"taxonomy":"product_brand","embeddable":true,"href":"https:\/\/chiara.guendisch.org\/index.php\/wp-json\/wp\/v2\/product_brand?post=295"},{"taxonomy":"product_cat","embeddable":true,"href":"https:\/\/chiara.guendisch.org\/index.php\/wp-json\/wp\/v2\/product_cat?post=295"},{"taxonomy":"product_tag","embeddable":true,"href":"https:\/\/chiara.guendisch.org\/index.php\/wp-json\/wp\/v2\/product_tag?post=295"}],"curies":[{"name":"wp","href":"https:\/\/api.w.org\/{rel}","templated":true}]}}